{"id":5475,"date":"2020-10-18T20:13:33","date_gmt":"2020-10-18T20:13:33","guid":{"rendered":"https:\/\/pequenomundo.fi\/fi\/?page_id=5475"},"modified":"2020-12-16T15:39:23","modified_gmt":"2020-12-16T15:39:23","slug":"tietosuojalauseke","status":"publish","type":"page","link":"https:\/\/pequenomundo.fi\/fi\/tietosuojalauseke\/","title":{"rendered":"Tietosuojaseloste"},"content":{"rendered":"<p>[vc_row css=&#8221;.vc_custom_1592394347909{margin-top: 50px !important;margin-bottom: 30px !important;}&#8221;][vc_column][vc_column_text]TIETOSUOJASELOSTE JA ASIAKKAAN INFORMOINTI<\/p>\n<p>Alla on kuvattu asiakasrekisterin tietosuojaseloste EU:n yleisen tietosuoja-asetuksen ja henkil\u00f6tietolain (523\/1999) mukaisesti.<\/p>\n<p>&nbsp;<\/p>\n<p>1. REKISTERINPIT\u00c4J\u00c4<\/p>\n<p>Peque\u00f1o Mundo Oy<\/p>\n<p>Paulankatu 2 C,\u00a000240 Helsinki<\/p>\n<p>Y-tunnus: 2536208-3<\/p>\n<p>REKISTERIN YHTEYSHENKIL\u00d6:<\/p>\n<p>P\u00e4iv\u00e4kodin johtaja Marina Santiago, info@pequenomundo.fi, 0440577701<\/p>\n<p>&nbsp;<\/p>\n<p>2. REKISTERIN K\u00c4YTT\u00d6TARKOITUS<\/p>\n<p>P\u00e4iv\u00e4hoitorekisteriin tallennettuja henkil\u00f6tietoja k\u00e4ytet\u00e4\u00e4n p\u00e4iv\u00e4hoidon j\u00e4rjest\u00e4miseen, laskutukseen ja varhaiskasvatussuunnitelmien laadintaan sek\u00e4 asiakkaiden tiedottamiseen.<\/p>\n<p>Tietoa ei k\u00e4ytet\u00e4 automatisoituun p\u00e4\u00e4t\u00f6ksentekoon tai profilointiin.<\/p>\n<p>&nbsp;<\/p>\n<p>3. REKISTERIIN TALLETETUT TIEDOT<\/p>\n<p>Rekisteriin tallennetaan p\u00e4iv\u00e4hoidon j\u00e4rjest\u00e4misen kannalta oleelliset tiedot asiakkaista eli huoltajista ja p\u00e4iv\u00e4hoidossa olevista lapsista:<\/p>\n<p>&#8211; Lapsen nimi, henkil\u00f6tunnus<\/p>\n<p>&#8211; Huoltajien nimet, henkil\u00f6tunnukset, ty\u00f6paikka ja yhteystiedot<\/p>\n<p>&#8211; Maksun m\u00e4\u00e4r\u00e4ytymiseen liittyv\u00e4t tiedot<\/p>\n<p>&#8211; Varahakijat, heid\u00e4n henkil\u00f6tunnukset ja yhteystiedot<\/p>\n<p>&#8211; Lasten allergiat, erityisruokavaliot, erityistarpeet ja pitk\u00e4aikaissairaudet<\/p>\n<p>&#8211; Muut lapsen p\u00e4iv\u00e4hoidon kannalta v\u00e4ltt\u00e4m\u00e4tt\u00f6m\u00e4t tiedot<\/p>\n<p>&nbsp;<\/p>\n<p>4. REKISTERIN TIETOL\u00c4HTEET<\/p>\n<p>Tiedot saadaan ensisijaisesti huoltajilta varhaiskasvatuspaikan hakemuksen ja sen liitteiden sek\u00e4 verkkosivujen yhteydenottolomakkeen v\u00e4lityksell\u00e4.<\/p>\n<p>Tietoa voidaan hankkia my\u00f6s palvelun antamisen tai etuusasian k\u00e4sittelyn yhteydess\u00e4. Muualta tietoja voidaan hankkia vain huoltajan tai h\u00e4nen edustajansa nimenomaisella suostumuksella tai sosiaalihuollon asiakkaan asemaa ja oikeuksia koskevan lain tai jonkun muun lains\u00e4\u00e4nn\u00f6ksen nojalla.<\/p>\n<p>&nbsp;<\/p>\n<p>5. TIETOJEN LUOVUTTAMINEN<\/p>\n<p>P\u00e4iv\u00e4hoitorekisteriin tallennettavat tiedot ovat p\u00e4\u00e4asiassa salassa pidett\u00e4vi\u00e4. Tietoja ei luovuteta ulkopuolisille eik\u00e4 EU- ja ETA-alueen ulkopuolelle. Peque\u00f1o Mundo siirt\u00e4\u00e4 lapsen tietoja viranomaisen m\u00e4\u00e4r\u00e4yksell\u00e4 Varhaiskasvatuksen tietovaranto Varda:an, jonka rekisterin hallinnasta vastaa opetushallitus.<\/p>\n<p>Asiakasrekisteritietoja voidaan kuitenkin luovuttaa:<\/p>\n<p>&#8211; Huoltajan kirjallisella suostumuksella. Huoltaja tai h\u00e4nen edustajansa voi milloin tahansa peruuttaa antamansa suostumuksen.<\/p>\n<p>&#8211; Ilman Huoltajan suostumustakin sosiaalihuollon asiakkaan asemaa ja oikeuksia koskevan lain tai muun erityislains\u00e4\u00e4d\u00e4nn\u00f6n nojalla.<\/p>\n<p>&nbsp;<\/p>\n<p>6. REKISTERIN SUOJAUKSEN PERIAATTEET<\/p>\n<p>Rekisteriin tallennettuja tietoja k\u00e4sitell\u00e4\u00e4n aina luottamuksellisesti, ja rekisteriasioita hoitava henkil\u00f6 antaa p\u00e4\u00e4syn s\u00e4hk\u00f6isiin asiakasrekisteritietoihin vain v\u00e4ltt\u00e4m\u00e4tt\u00f6m\u00e4lle henkil\u00f6st\u00f6lle. Muita kuin s\u00e4hk\u00f6isi\u00e4 tietoja s\u00e4ilytet\u00e4\u00e4n lukitussa ja\/tai valvotussa tilassa.<\/p>\n<p>Ker\u00e4ttyj\u00e4 tietoja s\u00e4ilytet\u00e4\u00e4n lain vaatima aika tai aika jonka ne ovat tarpeen p\u00e4iv\u00e4hoidon tuottamiselle.<\/p>\n<p>&nbsp;<\/p>\n<p>7. REKISTER\u00d6IDYN OIKEUDET<\/p>\n<p><strong>Tarkastusoikeus<\/strong><\/p>\n<p>Huoltajalla on oikeus tarkastaa itse\u00e4\u00e4n tai huollossaan olevaa lasta koskevat asiakasrekisteritiedot lain mukaan.<\/p>\n<p><strong>Oikeus vaatia tiedon korjaamista<\/strong><\/p>\n<p>Huoltajalla on oikeus vaatia mahdollisen virheellisen tiedon korjaamista.<\/p>\n<p><strong>Oikeus vaatia tiedon poistamista<\/strong><\/p>\n<p>Huoltajalla on oikeus pyyt\u00e4\u00e4 omien tai lapsen henkil\u00f6tietojen poistamista. Rekisterin haltijalla voi kuitenkin olla oikeutettu syy ev\u00e4t\u00e4 pyynt\u00f6 laillisten velvoitteiden t\u00e4ytt\u00e4misen vuoksi.<\/p>\n<p><strong>Oikeus vastustaa<\/strong><\/p>\n<p>Huoltajalla on oikeus vastustaa henkil\u00f6tietojen k\u00e4sittely\u00e4, jos niit\u00e4 k\u00e4sitell\u00e4\u00e4n johonkin muuhun kuin p\u00e4iv\u00e4hoidon toteuttamiseen tai rekisterinpit\u00e4j\u00e4n laillisten velvoitteiden t\u00e4ytt\u00e4miseen.<\/p>\n<p><strong>Oikeus rajoittaa k\u00e4sittely\u00e4<\/strong><\/p>\n<p>Huoltajalla on oikeus pyyt\u00e4\u00e4 henkil\u00f6tietojen k\u00e4sittelyn rajoittamista erityistilanteessa.<\/p>\n<p><strong>Oikeus siirt\u00e4\u00e4 tiedot j\u00e4rjestelm\u00e4st\u00e4 toiseen<\/strong><\/p>\n<p>Huoltajalla on oikeus pyyt\u00e4\u00e4 henkil\u00f6tietonsa j\u00e4sennellyss\u00e4 ja yleisesti k\u00e4ytetyss\u00e4 muodossa v\u00e4litett\u00e4v\u00e4ksi toiselle rekisterinpit\u00e4j\u00e4lle.<\/p>\n<p><strong>Oikeuksien k\u00e4ytt\u00e4minen<\/strong><\/p>\n<p>Jos huoltaja haluaa k\u00e4ytt\u00e4\u00e4 yll\u00e4 mainittuja oikeuksiaan, tehd\u00e4\u00e4n pyynt\u00f6 kirjallisesti p\u00e4iv\u00e4kodin johdolle. Pyyt\u00e4j\u00e4n henkil\u00f6llisyys tarkastetaan ennen pyynn\u00f6n toteuttamista.<\/p>\n<p>Jos pyynn\u00f6st\u00e4 kielt\u00e4ydyt\u00e4\u00e4n, annetaan kirjallinen kielt\u00e4ytymistodistus, ja asiakkaalla on oikeus saattaa asia tietosuojavaltuutetun ratkaistavaksi.<\/p>\n<p>&nbsp;<\/p>\n<p>8. MUUTOKSET TIETOSUOJASELOSTEESEEN<\/p>\n<p>Peque\u00f1o Mundo Oy voi tehd\u00e4 muutoksia tietosuojaselosteeseen ilman ennakkoilmoitusta. Tietotuojaseloste voi muuttua, jos palvelussa tapahtuu muutoksia tai yksityisyytt\u00e4 koskeva lains\u00e4\u00e4d\u00e4nt\u00f6 muuttuu. Jos muutokset perustuvat rekister\u00f6idyn suostumukseen, viestimme siit\u00e4 rekister\u00f6idyille kirjallisesti.[\/vc_column_text][\/vc_column][\/vc_row]<\/p>\n","protected":false},"excerpt":{"rendered":"<p>[vc_row css=&#8221;.vc_custom_1592394347909{margin-top: 50px !important;margin-bottom: 30px !important;}&#8221;][vc_column][vc_column_text]TIETOSUOJASELOSTE JA ASIAKKAAN INFORMOINTI Alla on kuvattu asiakasrekisterin tietosuojaseloste EU:n yleisen tietosuoja-asetuksen ja henkil\u00f6tietolain (523\/1999) mukaisesti. &nbsp; 1. REKISTERINPIT\u00c4J\u00c4 Peque\u00f1o Mundo Oy Paulankatu 2 C,\u00a000240 Helsinki Y-tunnus: 2536208-3 REKISTERIN YHTEYSHENKIL\u00d6: P\u00e4iv\u00e4kodin johtaja Marina Santiago, info@pequenomundo.fi, 0440577701 &nbsp; 2. REKISTERIN K\u00c4YTT\u00d6TARKOITUS P\u00e4iv\u00e4hoitorekisteriin tallennettuja henkil\u00f6tietoja k\u00e4ytet\u00e4\u00e4n p\u00e4iv\u00e4hoidon j\u00e4rjest\u00e4miseen, laskutukseen ja varhaiskasvatussuunnitelmien laadintaan [&hellip;]<\/p>\n","protected":false},"author":1,"featured_media":0,"parent":0,"menu_order":0,"comment_status":"closed","ping_status":"closed","template":"","meta":[],"_links":{"self":[{"href":"https:\/\/pequenomundo.fi\/fi\/wp-json\/wp\/v2\/pages\/5475"}],"collection":[{"href":"https:\/\/pequenomundo.fi\/fi\/wp-json\/wp\/v2\/pages"}],"about":[{"href":"https:\/\/pequenomundo.fi\/fi\/wp-json\/wp\/v2\/types\/page"}],"author":[{"embeddable":true,"href":"https:\/\/pequenomundo.fi\/fi\/wp-json\/wp\/v2\/users\/1"}],"replies":[{"embeddable":true,"href":"https:\/\/pequenomundo.fi\/fi\/wp-json\/wp\/v2\/comments?post=5475"}],"version-history":[{"count":10,"href":"https:\/\/pequenomundo.fi\/fi\/wp-json\/wp\/v2\/pages\/5475\/revisions"}],"predecessor-version":[{"id":5516,"href":"https:\/\/pequenomundo.fi\/fi\/wp-json\/wp\/v2\/pages\/5475\/revisions\/5516"}],"wp:attachment":[{"href":"https:\/\/pequenomundo.fi\/fi\/wp-json\/wp\/v2\/media?parent=5475"}],"curies":[{"name":"wp","href":"https:\/\/api.w.org\/{rel}","templated":true}]}}