{"id":4680,"date":"2020-06-15T14:06:01","date_gmt":"2020-06-15T14:06:01","guid":{"rendered":"https:\/\/pequenomundo.fi.wp1.kotisivut.com\/?page_id=4680"},"modified":"2025-07-25T15:11:27","modified_gmt":"2025-07-25T15:11:27","slug":"precios","status":"publish","type":"page","link":"https:\/\/pequenomundo.fi\/fi\/precios\/","title":{"rendered":"HINNAT"},"content":{"rendered":"<p>[vc_row css=&#8221;.vc_custom_1592394347909{margin-top: 50px !important;margin-bottom: 30px !important;}&#8221;][vc_column width=&#8221;2\/3&#8243;]            <div class=\"jws-title-separator-wrap  \">\n                <h3 class=\"jws-title-separator  \" >\n                    <span>\n                    Hinnat                    <\/span>\n                <\/h3>\n            <\/div>\n            [vc_column_text]Kuukausimaksu riippuu lapsen i\u00e4st\u00e4. Osa kuukaisuhinnasta katetaan Kelan ja kunnan yksityisen hoidon tuilla. Lis\u00e4\u00e4 tietoa <a href=\"http:\/\/www.kela.fi\">www.kela.fi<\/a>.<\/p>\n<p>Jos asut Helsingin ulkopuolella, voit tiedustella meilt\u00e4 muista mahdollisista tuista.<\/p>\n<p>Rekister\u00f6itymismaksu 150 euroa (kertamaksu, jota ei palauteta).[\/vc_column_text][\/vc_column][vc_column width=&#8221;1\/3&#8243;][vc_single_image image=&#8221;4750&#8243;][\/vc_column][\/vc_row][vc_row css=&#8221;.vc_custom_1592394105917{margin-bottom: 75px !important;}&#8221;][vc_column width=&#8221;1\/2&#8243;]\t\t<div class=\"jws_pricing_plan \">\r\n\t\t\t<div class=\"row\">\r\n\t\t\t<div class=\"col-md-6 col-sm-12 col-xs-12\">\r\n\t\t\t\t<div class=\"jws-pricing-plan-left\">\r\n\t\t\t\t\t<h3>Alle 3-vuotiaat <\/h3>\r\n\t\t\t\t\t<div class=\"jws-content\">\r\n\t\t\t\t\t\t\t\t\t\t\t<\/div>\r\n\t\t\t\t\t<ul class=\"list_plan\">\r\n\t\t\t\t\t\t<li><i class=\"fa fa-check-square-o\"><\/i>Koko p\u00e4iv\u00e4 (8:00-17:00)<\/li><li><i class=\"fa fa-check-square-o\"><\/i>Aamupala, lounas, v\u00e4lipala<\/li>\t\t\t\t\t<\/ul>\r\n\t\t\t\t\t<a class=\"btn-pre-v2\" href=\"https:\/\/pequenomundo.fi\/fi\/inscripciones\/\"><span>HAKEMINEN<\/span><i class=\"fa fa-angle-right\"><\/i><\/a>\r\n\t\t\t\t\t<p class=\"price\">1.350 \u20ac\/kk<\/p>\t\t\t\t\t \r\n\t\t\t\t\t \r\n\t\t\t\t<\/div>\r\n\t\t\t<\/div>\r\n\t\t\t<div class=\"col-md-6 col-sm-12 col-xs-12\">\r\n\t\t\t\t<div class=\"jws-pricing-plan-right\">\r\n\t\t\t\t\t\r\n\t\t\t\t\t<img style=\"width:100%;\" class=\"bt-image-cropped\" src=\"https:\/\/pequenomundo.fi\/fi\/wp-content\/uploads\/sites\/2\/2020\/10\/menores-de-3-287x396-1.jpg\" alt=\"\">\t\t\t\t\t\r\n\t\t\t\t<\/div>\r\n\t\t\t<\/div>\r\n\t\t<\/div>\r\n\t\t<\/div>\r\n\t\t<div class=\"clear\"><\/div>\r\n    [\/vc_column][vc_column width=&#8221;1\/2&#8243;]\t\t<div class=\"jws_pricing_plan \">\r\n\t\t\t<div class=\"row\">\r\n\t\t\t<div class=\"col-md-6 col-sm-12 col-xs-12\">\r\n\t\t\t\t<div class=\"jws-pricing-plan-left\">\r\n\t\t\t\t\t<h3>Yli 3-vuotiaat <\/h3>\r\n\t\t\t\t\t<div class=\"jws-content\">\r\n\t\t\t\t\t\t\t\t\t\t\t<\/div>\r\n\t\t\t\t\t<ul class=\"list_plan\">\r\n\t\t\t\t\t\t<li><i class=\"fa fa-check-square-o\"><\/i>Koko p\u00e4iv\u00e4 (8:00-17:00)<\/li><li><i class=\"fa fa-check-square-o\"><\/i>Aamupala, lounas, v\u00e4lipala<\/li>\t\t\t\t\t<\/ul>\r\n\t\t\t\t\t<a class=\"btn-pre-v2\" href=\"https:\/\/pequenomundo.fi\/fi\/inscripciones\/\"><span>HAKEMINEN<\/span><i class=\"fa fa-angle-right\"><\/i><\/a>\r\n\t\t\t\t\t<p class=\"price\">1.110 \u20ac\/kk<\/p>\t\t\t\t\t \r\n\t\t\t\t\t \r\n\t\t\t\t<\/div>\r\n\t\t\t<\/div>\r\n\t\t\t<div class=\"col-md-6 col-sm-12 col-xs-12\">\r\n\t\t\t\t<div class=\"jws-pricing-plan-right\">\r\n\t\t\t\t\t\r\n\t\t\t\t\t<img style=\"width:100%;\" class=\"bt-image-cropped\" src=\"https:\/\/pequenomundo.fi\/fi\/wp-content\/uploads\/sites\/2\/2020\/10\/mayores-de-3-287x396-1.jpg\" alt=\"\">\t\t\t\t\t\r\n\t\t\t\t<\/div>\r\n\t\t\t<\/div>\r\n\t\t<\/div>\r\n\t\t<\/div>\r\n\t\t<div class=\"clear\"><\/div>\r\n    [\/vc_column][\/vc_row]<\/p>\n","protected":false},"excerpt":{"rendered":"<p>[vc_row css=&#8221;.vc_custom_1592394347909{margin-top: 50px !important;margin-bottom: 30px !important;}&#8221;][vc_column width=&#8221;2\/3&#8243;][vc_column_text]Kuukausimaksu riippuu lapsen i\u00e4st\u00e4. Osa kuukaisuhinnasta katetaan Kelan ja kunnan yksityisen hoidon tuilla. Lis\u00e4\u00e4 tietoa www.kela.fi. Jos asut Helsingin ulkopuolella, voit tiedustella meilt\u00e4 muista mahdollisista tuista. Rekister\u00f6itymismaksu 150 euroa (kertamaksu, jota ei palauteta).[\/vc_column_text][\/vc_column][vc_column width=&#8221;1\/3&#8243;][vc_single_image image=&#8221;4750&#8243;][\/vc_column][\/vc_row][vc_row css=&#8221;.vc_custom_1592394105917{margin-bottom: 75px !important;}&#8221;][vc_column width=&#8221;1\/2&#8243;][\/vc_column][vc_column width=&#8221;1\/2&#8243;][\/vc_column][\/vc_row]<\/p>\n","protected":false},"author":1,"featured_media":0,"parent":0,"menu_order":0,"comment_status":"closed","ping_status":"closed","template":"","meta":[],"_links":{"self":[{"href":"https:\/\/pequenomundo.fi\/fi\/wp-json\/wp\/v2\/pages\/4680"}],"collection":[{"href":"https:\/\/pequenomundo.fi\/fi\/wp-json\/wp\/v2\/pages"}],"about":[{"href":"https:\/\/pequenomundo.fi\/fi\/wp-json\/wp\/v2\/types\/page"}],"author":[{"embeddable":true,"href":"https:\/\/pequenomundo.fi\/fi\/wp-json\/wp\/v2\/users\/1"}],"replies":[{"embeddable":true,"href":"https:\/\/pequenomundo.fi\/fi\/wp-json\/wp\/v2\/comments?post=4680"}],"version-history":[{"count":19,"href":"https:\/\/pequenomundo.fi\/fi\/wp-json\/wp\/v2\/pages\/4680\/revisions"}],"predecessor-version":[{"id":5655,"href":"https:\/\/pequenomundo.fi\/fi\/wp-json\/wp\/v2\/pages\/4680\/revisions\/5655"}],"wp:attachment":[{"href":"https:\/\/pequenomundo.fi\/fi\/wp-json\/wp\/v2\/media?parent=4680"}],"curies":[{"name":"wp","href":"https:\/\/api.w.org\/{rel}","templated":true}]}}