{"id":4653,"date":"2020-06-15T11:37:27","date_gmt":"2020-06-15T11:37:27","guid":{"rendered":"https:\/\/pequenomundo.fi.wp1.kotisivut.com\/?page_id=4653"},"modified":"2020-09-09T14:39:09","modified_gmt":"2020-09-09T14:39:09","slug":"inscripciones","status":"publish","type":"page","link":"https:\/\/pequenomundo.fi\/fi\/inscripciones\/","title":{"rendered":"Hakeminen"},"content":{"rendered":"<p>[vc_row][vc_column][vc_column_text]Jos haluatte tulla osaksi Peque\u00f1o Mundon yhteis\u00f6\u00e4, t\u00e4ytt\u00e4k\u00e4\u00e4 sivulla oleva lomake! Olemme sen j\u00e4lkeen yhteydess\u00e4 ja sovimme vierailuk\u00e4ynnist\u00e4 sek\u00e4 hakemusprosessin jatkosta. Tervetuloa![\/vc_column_text][\/vc_column][\/vc_row][vc_row content_placement=&#8221;middle&#8221; text_middle=&#8221;1&#8243; css=&#8221;.vc_custom_1592474325078{margin-top: 75px !important;margin-bottom: 75px !important;}&#8221;][vc_column width=&#8221;2\/3&#8243; text_align=&#8221;text-left&#8221;]\n<div class=\"wpcf7 no-js\" id=\"wpcf7-f4663-o1\" lang=\"es-ES\" dir=\"ltr\">\n<div class=\"screen-reader-response\"><p role=\"status\" aria-live=\"polite\" aria-atomic=\"true\"><\/p> <ul><\/ul><\/div>\n<form action=\"\/fi\/wp-json\/wp\/v2\/pages\/4653#wpcf7-f4663-o1\" method=\"post\" class=\"wpcf7-form init\" aria-label=\"Contact form\" novalidate=\"novalidate\" data-status=\"init\">\n<div style=\"display: none;\">\n<input type=\"hidden\" name=\"_wpcf7\" value=\"4663\" \/>\n<input type=\"hidden\" name=\"_wpcf7_version\" value=\"5.7.7\" \/>\n<input type=\"hidden\" name=\"_wpcf7_locale\" value=\"es_ES\" \/>\n<input type=\"hidden\" name=\"_wpcf7_unit_tag\" value=\"wpcf7-f4663-o1\" \/>\n<input type=\"hidden\" name=\"_wpcf7_container_post\" value=\"0\" \/>\n<input type=\"hidden\" name=\"_wpcf7_posted_data_hash\" value=\"\" \/>\n<input type=\"hidden\" name=\"_wpcf7_recaptcha_response\" value=\"\" \/>\n<\/div>\n<h3 class=\"wpcf7_title\">HAKEMINEN\n<\/h3>\n<div class=\"row\">\n\t<div class=\"col-xs-12 col-md-6\">\n\t\t<p><label> Huoltajien etu- ja sukunimet<br \/>\n<span class=\"wpcf7-form-control-wrap\" data-name=\"your-name\"><input size=\"40\" class=\"wpcf7-form-control wpcf7-text wpcf7-validates-as-required\" aria-required=\"true\" aria-invalid=\"false\" value=\"\" type=\"text\" name=\"your-name\" \/><\/span><br \/>\n<\/label>\n\t\t<\/p>\n\t<\/div>\n\t<div class=\"col-xs-12 col-md-6\">\n\t\t<p><label> Puhelinnumero<br \/>\n<span class=\"wpcf7-form-control-wrap\" data-name=\"your-phone\"><input size=\"40\" class=\"wpcf7-form-control wpcf7-text wpcf7-tel wpcf7-validates-as-required wpcf7-validates-as-tel\" aria-required=\"true\" aria-invalid=\"false\" value=\"\" type=\"tel\" name=\"your-phone\" \/><\/span><br \/>\n<\/label>\n\t\t<\/p>\n\t<\/div>\n\t<div class=\"col-xs-12\">\n\t\t<p><label> S\u00e4hk\u00f6posti<br \/>\n<span class=\"wpcf7-form-control-wrap\" data-name=\"your-email\"><input size=\"40\" class=\"wpcf7-form-control wpcf7-text wpcf7-email wpcf7-validates-as-required wpcf7-validates-as-email\" aria-required=\"true\" aria-invalid=\"false\" placeholder=\"\" value=\"\" type=\"email\" name=\"your-email\" \/><\/span><br \/>\n<\/label>\n\t\t<\/p>\n\t<\/div>\n\t<div class=\"col-xs-12 col-md-6\">\n\t\t<p><label> Lapsen syntym\u00e4vuosi<br \/>\n<span class=\"wpcf7-form-control-wrap\" data-name=\"menu-312\"><select class=\"wpcf7-form-control wpcf7-select\" aria-invalid=\"false\" name=\"menu-312\"><option value=\"2013\">2013<\/option><option value=\"2014\">2014<\/option><option value=\"2015\">2015<\/option><option value=\"2016\">2016<\/option><option value=\"2017\">2017<\/option><option value=\"2018\">2018<\/option><option value=\"2019\">2019<\/option><option value=\"2020\">2020<\/option><option value=\"2021\">2021<\/option><option value=\"2022\">2022<\/option><option value=\"2023\">2023<\/option><option value=\"2024\">2024<\/option><option value=\"2025\">2025<\/option><\/select><\/span><br \/>\n<\/label>\n\t\t<\/p>\n\t<\/div>\n\t<div class=\"col-xs-12 col-md-6\">\n\t\t<p><label> Toivomus p\u00e4iv\u00e4kodin aloittamisp\u00e4iv\u00e4st\u00e4<br \/>\n<span class=\"wpcf7-form-control-wrap\" data-name=\"date-15\"><input class=\"wpcf7-form-control wpcf7-date wpcf7-validates-as-date\" aria-invalid=\"false\" value=\"\" type=\"date\" name=\"date-15\" \/><\/span><br \/>\n<\/label>\n\t\t<\/p>\n\t<\/div>\n\t<div class=\"col-xs-12\">\n\t\t<p><input class=\"wpcf7-form-control has-spinner wpcf7-submit\" type=\"submit\" value=\"L\u00e4het\u00e4\" \/>\n\t\t<\/p>\n\t<\/div>\n\n<\/div><div class=\"wpcf7-response-output\" aria-hidden=\"true\"><\/div>\n<\/form>\n<\/div>\n[\/vc_column][vc_column width=&#8221;1\/3&#8243;][vc_single_image image=&#8221;4719&#8243; img_size=&#8221;250*250&#8243; alignment=&#8221;center&#8221; style=&#8221;vc_box_shadow_circle_2&#8243; css_animation=&#8221;bounceIn&#8221; css=&#8221;.vc_custom_1592474295945{padding-top: 15px !important;}&#8221;][\/vc_column][\/vc_row]<\/p>\n","protected":false},"excerpt":{"rendered":"<p>[vc_row][vc_column][vc_column_text]Jos haluatte tulla osaksi Peque\u00f1o Mundon yhteis\u00f6\u00e4, t\u00e4ytt\u00e4k\u00e4\u00e4 sivulla oleva lomake! Olemme sen j\u00e4lkeen yhteydess\u00e4 ja sovimme vierailuk\u00e4ynnist\u00e4 sek\u00e4 hakemusprosessin jatkosta. Tervetuloa![\/vc_column_text][\/vc_column][\/vc_row][vc_row content_placement=&#8221;middle&#8221; text_middle=&#8221;1&#8243; css=&#8221;.vc_custom_1592474325078{margin-top: 75px !important;margin-bottom: 75px !important;}&#8221;][vc_column width=&#8221;2\/3&#8243; text_align=&#8221;text-left&#8221;][\/vc_column][vc_column width=&#8221;1\/3&#8243;][vc_single_image image=&#8221;4719&#8243; img_size=&#8221;250*250&#8243; alignment=&#8221;center&#8221; style=&#8221;vc_box_shadow_circle_2&#8243; css_animation=&#8221;bounceIn&#8221; css=&#8221;.vc_custom_1592474295945{padding-top: 15px !important;}&#8221;][\/vc_column][\/vc_row]<\/p>\n","protected":false},"author":1,"featured_media":0,"parent":0,"menu_order":0,"comment_status":"closed","ping_status":"closed","template":"","meta":[],"_links":{"self":[{"href":"https:\/\/pequenomundo.fi\/fi\/wp-json\/wp\/v2\/pages\/4653"}],"collection":[{"href":"https:\/\/pequenomundo.fi\/fi\/wp-json\/wp\/v2\/pages"}],"about":[{"href":"https:\/\/pequenomundo.fi\/fi\/wp-json\/wp\/v2\/types\/page"}],"author":[{"embeddable":true,"href":"https:\/\/pequenomundo.fi\/fi\/wp-json\/wp\/v2\/users\/1"}],"replies":[{"embeddable":true,"href":"https:\/\/pequenomundo.fi\/fi\/wp-json\/wp\/v2\/comments?post=4653"}],"version-history":[{"count":3,"href":"https:\/\/pequenomundo.fi\/fi\/wp-json\/wp\/v2\/pages\/4653\/revisions"}],"predecessor-version":[{"id":5462,"href":"https:\/\/pequenomundo.fi\/fi\/wp-json\/wp\/v2\/pages\/4653\/revisions\/5462"}],"wp:attachment":[{"href":"https:\/\/pequenomundo.fi\/fi\/wp-json\/wp\/v2\/media?parent=4653"}],"curies":[{"name":"wp","href":"https:\/\/api.w.org\/{rel}","templated":true}]}}