{"id":333,"date":"2015-10-30T13:52:04","date_gmt":"2015-10-30T13:52:04","guid":{"rendered":"http:\/\/jwsuperthemes.com\/noraure\/?page_id=333"},"modified":"2024-01-15T13:07:51","modified_gmt":"2024-01-15T13:07:51","slug":"contactar","status":"publish","type":"page","link":"https:\/\/pequenomundo.fi\/fi\/contactar\/","title":{"rendered":"Yhteystiedot"},"content":{"rendered":"<p>[vc_row el_class=&#8221;jws_about_service&#8221; css=&#8221;.vc_custom_1464929060038{margin-top: 80px !important;margin-bottom: 58px !important;}&#8221;][vc_column width=&#8221;1\/4&#8243;]\t\t<div class=\"tb-service-wrap \">\r\n\t\t\r\n\t\t\t\t\t\t\t\t<div class=\"tb-service text-center tpl2\">\r\n\t\t\t\t\t\r\n\t\t\t\t\t\t\t\t\t\t\t\t<div class=\"tb-icon\">\r\n\t\t\t\t\t\t\t<i class=\"fa fa-phone\"><\/i>\r\n\t\t\t\t\t\t<\/div>\r\n\t\t\t\t\t\t\t\t\t\t\t\t<h3 class=\"tb-title\">\r\n\t\t\t\t\t\t<span class=\"tb-title\">Puhelin<\/span>\t\t\t\t\t\t<\/h3>\r\n\t\t\t\t\t\t<div class=\"tb-content\"><p>+358 (0) 440577701<\/p>\n<\/div>\t\t\t\t\t<\/div>\r\n\t\t\t\t\t<\/div>\r\n\t\t\r\n    [\/vc_column][vc_column width=&#8221;1\/4&#8243;]\t\t<div class=\"tb-service-wrap \">\r\n\t\t\r\n\t\t\t\t\t\t\t\t<div class=\"tb-service text-center tpl2\">\r\n\t\t\t\t\t\r\n\t\t\t\t\t\t\t\t\t\t\t\t<div class=\"tb-icon\">\r\n\t\t\t\t\t\t\t<i class=\"fa fa-map-marker\"><\/i>\r\n\t\t\t\t\t\t<\/div>\r\n\t\t\t\t\t\t\t\t\t\t\t\t<h3 class=\"tb-title\">\r\n\t\t\t\t\t\t<span class=\"tb-title\">Osoite<\/span>\t\t\t\t\t\t<\/h3>\r\n\t\t\t\t\t\t<div class=\"tb-content\"><p>Paulankatu 2 C<\/p>\n<p>00240<\/p>\n<p>Helsinki<\/p>\n<\/div>\t\t\t\t\t<\/div>\r\n\t\t\t\t\t<\/div>\r\n\t\t\r\n    [\/vc_column][vc_column width=&#8221;1\/4&#8243;]\t\t<div class=\"tb-service-wrap \">\r\n\t\t\r\n\t\t\t\t\t\t\t\t<div class=\"tb-service text-center tpl2\">\r\n\t\t\t\t\t\r\n\t\t\t\t\t\t\t\t\t\t\t\t<div class=\"tb-icon\">\r\n\t\t\t\t\t\t\t<i class=\"fa fa-envelope-o\"><\/i>\r\n\t\t\t\t\t\t<\/div>\r\n\t\t\t\t\t\t\t\t\t\t\t\t<h3 class=\"tb-title\">\r\n\t\t\t\t\t\t<span class=\"tb-title\">S\u00e4hk\u00f6posti<\/span>\t\t\t\t\t\t<\/h3>\r\n\t\t\t\t\t\t<div class=\"tb-content\"><p>pequenomundo@hotmail.fi<\/p>\n<\/div>\t\t\t\t\t<\/div>\r\n\t\t\t\t\t<\/div>\r\n\t\t\r\n    [\/vc_column][vc_column width=&#8221;1\/4&#8243;]\t\t<div class=\"tb-service-wrap \">\r\n\t\t\r\n\t\t\t\t\t\t\t\t<div class=\"tb-service text-center tpl2\">\r\n\t\t\t\t\t\r\n\t\t\t\t\t\t\t\t\t\t\t\t<div class=\"tb-icon\">\r\n\t\t\t\t\t\t\t<i class=\"fa fa-train\"><\/i>\r\n\t\t\t\t\t\t<\/div>\r\n\t\t\t\t\t\t\t\t\t\t\t\t<h3 class=\"tb-title\">\r\n\t\t\t\t\t\t<span class=\"tb-title\">L\u00f6yd\u00e4 perille!<\/span>\t\t\t\t\t\t<\/h3>\r\n\t\t\t\t\t\t<div class=\"tb-content\"><p>Peque\u00f1o Mundo on hyvien liikenneyhteyksien varrella. Pasilan asema on kivenheiton p\u00e4\u00e4ss\u00e4 ja raitiovaunut 2, 3 ja 7 sek\u00e4 lukuisat bussit tuovat l\u00e4helle.<\/p>\n<\/div>\t\t\t\t\t<\/div>\r\n\t\t\t\t\t<\/div>\r\n\t\t\r\n    [\/vc_column][\/vc_row][vc_row equal_height=&#8221;yes&#8221; content_placement=&#8221;middle&#8221; el_class=&#8221;tb-custom-contact&#8221; css=&#8221;.vc_custom_1592472891919{margin-top: 20px !important;margin-bottom: 50px !important;}&#8221;][vc_column width=&#8221;2\/3&#8243;]\n<div class=\"wpcf7 no-js\" id=\"wpcf7-f141-o1\" lang=\"en-US\" dir=\"ltr\">\n<div class=\"screen-reader-response\"><p role=\"status\" aria-live=\"polite\" aria-atomic=\"true\"><\/p> <ul><\/ul><\/div>\n<form action=\"\/fi\/wp-json\/wp\/v2\/pages\/333#wpcf7-f141-o1\" method=\"post\" class=\"wpcf7-form init\" aria-label=\"Contact form\" novalidate=\"novalidate\" data-status=\"init\">\n<div style=\"display: none;\">\n<input type=\"hidden\" name=\"_wpcf7\" value=\"141\" \/>\n<input type=\"hidden\" name=\"_wpcf7_version\" value=\"5.7.7\" \/>\n<input type=\"hidden\" name=\"_wpcf7_locale\" value=\"en_US\" \/>\n<input type=\"hidden\" name=\"_wpcf7_unit_tag\" value=\"wpcf7-f141-o1\" \/>\n<input type=\"hidden\" name=\"_wpcf7_container_post\" value=\"0\" \/>\n<input type=\"hidden\" name=\"_wpcf7_posted_data_hash\" value=\"\" \/>\n<input type=\"hidden\" name=\"_wpcf7_recaptcha_response\" value=\"\" \/>\n<\/div>\n<h3 class=\"wpcf7_title\">Yhteydenottolomake\n<\/h3>\n<div class=\"row\">\n\t<div class=\"col-xs-12 col-md-6\">\n\t\t<p><span class=\"wpcf7-form-control-wrap\" data-name=\"your-name\"><input size=\"40\" class=\"wpcf7-form-control wpcf7-text wpcf7-validates-as-required\" aria-required=\"true\" aria-invalid=\"false\" placeholder=\"Nimi\" value=\"\" type=\"text\" name=\"your-name\" \/><\/span>\n\t\t<\/p>\n\t<\/div>\n\t<div class=\"col-xs-12 col-md-6\">\n\t\t<p><span class=\"wpcf7-form-control-wrap\" data-name=\"your-phone\"><input size=\"40\" class=\"wpcf7-form-control wpcf7-text wpcf7-tel wpcf7-validates-as-required wpcf7-validates-as-tel\" aria-required=\"true\" aria-invalid=\"false\" placeholder=\"Puhelin\" value=\"\" type=\"tel\" name=\"your-phone\" \/><\/span>\n\t\t<\/p>\n\t<\/div>\n\t<div class=\"col-xs-12\">\n\t\t<p><span class=\"wpcf7-form-control-wrap\" data-name=\"your-email\"><input size=\"40\" class=\"wpcf7-form-control wpcf7-text wpcf7-email wpcf7-validates-as-required wpcf7-validates-as-email\" aria-required=\"true\" aria-invalid=\"false\" placeholder=\"S\u00e4hk\u00f6posti\" value=\"\" type=\"email\" name=\"your-email\" \/><\/span>\n\t\t<\/p>\n\t<\/div>\n\t<div class=\"col-xs-12\">\n\t\t<p><span class=\"wpcf7-form-control-wrap\" data-name=\"your-message\"><textarea cols=\"40\" rows=\"10\" class=\"wpcf7-form-control wpcf7-textarea wpcf7-validates-as-required\" aria-required=\"true\" aria-invalid=\"false\" placeholder=\"Mit\u00e4 asia koskee\" name=\"your-message\"><\/textarea><\/span>\n\t\t<\/p>\n\t<\/div>\n\t<div class=\"col-xs-12\">\n\t\t<p><input class=\"wpcf7-form-control has-spinner wpcf7-submit btn-pre-v2\" type=\"submit\" value=\"L\u00e4het\u00e4\" \/>\n\t\t<\/p>\n\t<\/div>\n<\/div>\n<div class=\"wpcf7-response-output\" aria-hidden=\"true\"><\/div>\n<\/form>\n<\/div>\n[\/vc_column][vc_column width=&#8221;1\/3&#8243; css=&#8221;.vc_custom_1592473271998{padding-top: 25px !important;}&#8221;][vc_single_image image=&#8221;4735&#8243; img_size=&#8221;300*300&#8243; alignment=&#8221;center&#8221; style=&#8221;vc_box_rounded&#8221;][\/vc_column][\/vc_row][vc_row equal_height=&#8221;yes&#8221; text_middle=&#8221;1&#8243;][vc_column]    <div class=\"ro_maps\">\n    \t<div id=\"maps-69eceba738eab\" class=\"maps-render\" data-address='Paulankatu 2 C, 00240 Helsinki' data-marker='%7B%22markercoordinate%22%3A%2240.7143528%2C-74.0059731%22%2C%22markerdesc%22%3A%22%3Cdiv%20class%3D%5C%22ro-maps-info-content%5C%22%3E%3Ch5%3E%3C%5C%2Fh5%3E%3Cspan%3ESt%20Alban%27s%20Christian%20Church%20Centre%2C%20157a%20Wakefield%20St%2C%20London%20E6%201LG%2C%20United%20Kingdom%3C%5C%2Fspan%3E%3C%5C%2Fdiv%3E%22%7D' data-coordinate='' data-type='ROADMAP' data-zoom='18' data-template='' data-controls='%7B%22scrollwheel%22%3A0%2C%22pancontrol%22%3Afalse%2C%22zoomcontrol%22%3Atrue%2C%22scalecontrol%22%3Atrue%2C%22maptypecontrol%22%3Atrue%2C%22streetviewcontrol%22%3Atrue%2C%22overviewmapcontrol%22%3Atrue%2C%22infoclick%22%3Afalse%2C%22infowidth%22%3A%22270%22%2C%22style%22%3A%22%22%7D' style=\"width:auto;height: 434px\"><\/div>\n    <\/div>\n\t[\/vc_column][\/vc_row][vc_row][vc_column][vc_empty_space][\/vc_column][\/vc_row]<\/p>\n","protected":false},"excerpt":{"rendered":"<p>[vc_row el_class=&#8221;jws_about_service&#8221; css=&#8221;.vc_custom_1464929060038{margin-top: 80px !important;margin-bottom: 58px !important;}&#8221;][vc_column width=&#8221;1\/4&#8243;][\/vc_column][vc_column width=&#8221;1\/4&#8243;][\/vc_column][vc_column width=&#8221;1\/4&#8243;][\/vc_column][vc_column width=&#8221;1\/4&#8243;][\/vc_column][\/vc_row][vc_row equal_height=&#8221;yes&#8221; content_placement=&#8221;middle&#8221; el_class=&#8221;tb-custom-contact&#8221; css=&#8221;.vc_custom_1592472891919{margin-top: 20px !important;margin-bottom: 50px !important;}&#8221;][vc_column width=&#8221;2\/3&#8243;][\/vc_column][vc_column width=&#8221;1\/3&#8243; css=&#8221;.vc_custom_1592473271998{padding-top: 25px !important;}&#8221;][vc_single_image image=&#8221;4735&#8243; img_size=&#8221;300*300&#8243; alignment=&#8221;center&#8221; style=&#8221;vc_box_rounded&#8221;][\/vc_column][\/vc_row][vc_row equal_height=&#8221;yes&#8221; text_middle=&#8221;1&#8243;][vc_column][\/vc_column][\/vc_row][vc_row][vc_column][vc_empty_space][\/vc_column][\/vc_row]<\/p>\n","protected":false},"author":1,"featured_media":4635,"parent":0,"menu_order":0,"comment_status":"closed","ping_status":"closed","template":"","meta":[],"_links":{"self":[{"href":"https:\/\/pequenomundo.fi\/fi\/wp-json\/wp\/v2\/pages\/333"}],"collection":[{"href":"https:\/\/pequenomundo.fi\/fi\/wp-json\/wp\/v2\/pages"}],"about":[{"href":"https:\/\/pequenomundo.fi\/fi\/wp-json\/wp\/v2\/types\/page"}],"author":[{"embeddable":true,"href":"https:\/\/pequenomundo.fi\/fi\/wp-json\/wp\/v2\/users\/1"}],"replies":[{"embeddable":true,"href":"https:\/\/pequenomundo.fi\/fi\/wp-json\/wp\/v2\/comments?post=333"}],"version-history":[{"count":12,"href":"https:\/\/pequenomundo.fi\/fi\/wp-json\/wp\/v2\/pages\/333\/revisions"}],"predecessor-version":[{"id":5631,"href":"https:\/\/pequenomundo.fi\/fi\/wp-json\/wp\/v2\/pages\/333\/revisions\/5631"}],"wp:featuredmedia":[{"embeddable":true,"href":"https:\/\/pequenomundo.fi\/fi\/wp-json\/wp\/v2\/media\/4635"}],"wp:attachment":[{"href":"https:\/\/pequenomundo.fi\/fi\/wp-json\/wp\/v2\/media?parent=333"}],"curies":[{"name":"wp","href":"https:\/\/api.w.org\/{rel}","templated":true}]}}