{"id":2785,"date":"2016-04-20T07:44:24","date_gmt":"2016-04-20T07:44:24","guid":{"rendered":"http:\/\/preschoolsupport.jwsuperthemes.com\/?page_id=2785"},"modified":"2020-10-06T13:48:01","modified_gmt":"2020-10-06T13:48:01","slug":"nuestro-equipo","status":"publish","type":"page","link":"https:\/\/pequenomundo.fi\/fi\/nuestro-equipo\/","title":{"rendered":"Henkil\u00f6kunta"},"content":{"rendered":"<p>[vc_row css=&#8221;.vc_custom_1464401089277{margin-top: 80px !important;margin-bottom: 45px !important;}&#8221;][vc_column][vc_column_text]<\/p>\n<p style=\"text-align: center;\">Peque\u00f1o Mundossa turvallisuus ja lasten hyvinvointi on ensisijaisen t\u00e4rke\u00e4\u00e4. Henkil\u00f6kuntamme koostuu aktiivisista ja kokeneista varhaiskasvatuksen ammattilaisista, jotka tekev\u00e4t p\u00e4ivitt\u00e4in parhaansa.<\/p>\n<p>[\/vc_column_text]    <div class=\"tb-blog teacher tb-teacher-carousel1  tpl3   tpl1\" style=\"\">\r\n\t\t<div class=\"col-xs-12 col-sm-12 col-md-12 col-lg-12 teacher_item teacher_item_active\"><article id=\"post-2996\" class=\"post-2996 teacher type-teacher status-publish format-standard has-post-thumbnail hentry\">\r\n\r\n    \t\t\r\n        <div class=\"tb-teacher-image\">\r\n            <img width=\"573\" height=\"573\" src=\"https:\/\/pequenomundo.fi\/fi\/wp-content\/uploads\/sites\/2\/2016\/05\/Web-Marina-Santiago-1.jpg\" class=\"attachment-post-thumbnail size-post-thumbnail wp-post-image\" alt=\"\" loading=\"lazy\" srcset=\"https:\/\/pequenomundo.fi\/fi\/wp-content\/uploads\/sites\/2\/2016\/05\/Web-Marina-Santiago-1.jpg 573w, https:\/\/pequenomundo.fi\/fi\/wp-content\/uploads\/sites\/2\/2016\/05\/Web-Marina-Santiago-1-300x300.jpg 300w, https:\/\/pequenomundo.fi\/fi\/wp-content\/uploads\/sites\/2\/2016\/05\/Web-Marina-Santiago-1-150x150.jpg 150w\" sizes=\"(max-width: 573px) 100vw, 573px\" \/>        <\/div>\r\n    \t<div class=\"tb-teacher-content\">\r\n\t\t<div class=\"tb-teacher-content-inner\">\r\n\t\t\r\n\t\t\t\t\t<a href=\"https:\/\/pequenomundo.fi\/fi\/teacher\/marina\/\"><h4 class=\"tb-title\">Marina Santiago<\/h4><\/a>\r\n\t\t\t\t\r\n\t\t<p class=\"tb-position\">Johtaja, perustaja<\/p>\t\t\t\t\t<div class=\"tb-content\">\r\n\t\t\t\tVarhaiskasvatuksen ja perusopetuksen opettaja, erityisosa-alue vieraat kielet.\t\t\t<\/div>\r\n\t\t\t\t<hr>\t\t\t<\/div>\r\n\t<\/div>\r\n<\/article>\r\n<\/div><div class=\"col-xs-12 col-sm-12 col-md-12 col-lg-12 teacher_item \"><article id=\"post-5265\" class=\"post-5265 teacher type-teacher status-publish format-standard has-post-thumbnail hentry\">\r\n\r\n    \t\t\r\n        <div class=\"tb-teacher-image\">\r\n            <img width=\"572\" height=\"572\" src=\"https:\/\/pequenomundo.fi\/fi\/wp-content\/uploads\/sites\/2\/2016\/05\/Web-Ester-Alca\u0301zar-1.jpg\" class=\"attachment-post-thumbnail size-post-thumbnail wp-post-image\" alt=\"\" loading=\"lazy\" srcset=\"https:\/\/pequenomundo.fi\/fi\/wp-content\/uploads\/sites\/2\/2016\/05\/Web-Ester-Alca\u0301zar-1.jpg 572w, https:\/\/pequenomundo.fi\/fi\/wp-content\/uploads\/sites\/2\/2016\/05\/Web-Ester-Alca\u0301zar-1-300x300.jpg 300w, https:\/\/pequenomundo.fi\/fi\/wp-content\/uploads\/sites\/2\/2016\/05\/Web-Ester-Alca\u0301zar-1-150x150.jpg 150w\" sizes=\"(max-width: 572px) 100vw, 572px\" \/>        <\/div>\r\n    \t<div class=\"tb-teacher-content\">\r\n\t\t<div class=\"tb-teacher-content-inner\">\r\n\t\t\r\n\t\t\t\t\t<a href=\"https:\/\/pequenomundo.fi\/fi\/teacher\/ester-alcazar\/\"><h4 class=\"tb-title\">Ester Alc\u00e1zar<\/h4><\/a>\r\n\t\t\t\t\r\n\t\t<p class=\"tb-position\">Opettaja<\/p>\t\t\t\t\t<div class=\"tb-content\">\r\n\t\t\t\tLastentarhanopettaja.\t\t\t<\/div>\r\n\t\t\t\t<hr>\t\t\t<\/div>\r\n\t<\/div>\r\n<\/article>\r\n<\/div><div class=\"col-xs-12 col-sm-12 col-md-12 col-lg-12 teacher_item \"><article id=\"post-5269\" class=\"post-5269 teacher type-teacher status-publish format-standard has-post-thumbnail hentry\">\r\n\r\n    \t\t\r\n        <div class=\"tb-teacher-image\">\r\n            <img width=\"590\" height=\"590\" src=\"https:\/\/pequenomundo.fi\/fi\/wp-content\/uploads\/sites\/2\/2016\/05\/Web-Carmen-Rengifo-1.jpg\" class=\"attachment-post-thumbnail size-post-thumbnail wp-post-image\" alt=\"\" loading=\"lazy\" srcset=\"https:\/\/pequenomundo.fi\/fi\/wp-content\/uploads\/sites\/2\/2016\/05\/Web-Carmen-Rengifo-1.jpg 590w, https:\/\/pequenomundo.fi\/fi\/wp-content\/uploads\/sites\/2\/2016\/05\/Web-Carmen-Rengifo-1-300x300.jpg 300w, https:\/\/pequenomundo.fi\/fi\/wp-content\/uploads\/sites\/2\/2016\/05\/Web-Carmen-Rengifo-1-150x150.jpg 150w\" sizes=\"(max-width: 590px) 100vw, 590px\" \/>        <\/div>\r\n    \t<div class=\"tb-teacher-content\">\r\n\t\t<div class=\"tb-teacher-content-inner\">\r\n\t\t\r\n\t\t\t\t\t<a href=\"https:\/\/pequenomundo.fi\/fi\/teacher\/carmen-rengifo\/\"><h4 class=\"tb-title\">Carmen Rengifo<\/h4><\/a>\r\n\t\t\t\t\r\n\t\t<p class=\"tb-position\">Lastenhoitaja<\/p>\t\t\t\t\t<div class=\"tb-content\">\r\n\t\t\t\tJohtaja (\u00e4itiysloman sijainen). Lastenhoitaja.\t\t\t<\/div>\r\n\t\t\t\t<hr>\t\t\t<\/div>\r\n\t<\/div>\r\n<\/article>\r\n<\/div><div class=\"col-xs-12 col-sm-12 col-md-12 col-lg-12 teacher_item \"><article id=\"post-5271\" class=\"post-5271 teacher type-teacher status-publish format-standard has-post-thumbnail hentry\">\r\n\r\n    \t\t\r\n        <div class=\"tb-teacher-image\">\r\n            <img width=\"561\" height=\"561\" src=\"https:\/\/pequenomundo.fi\/fi\/wp-content\/uploads\/sites\/2\/2016\/05\/Web-Jan-Vives-1.jpg\" class=\"attachment-post-thumbnail size-post-thumbnail wp-post-image\" alt=\"\" loading=\"lazy\" srcset=\"https:\/\/pequenomundo.fi\/fi\/wp-content\/uploads\/sites\/2\/2016\/05\/Web-Jan-Vives-1.jpg 561w, https:\/\/pequenomundo.fi\/fi\/wp-content\/uploads\/sites\/2\/2016\/05\/Web-Jan-Vives-1-300x300.jpg 300w, https:\/\/pequenomundo.fi\/fi\/wp-content\/uploads\/sites\/2\/2016\/05\/Web-Jan-Vives-1-150x150.jpg 150w\" sizes=\"(max-width: 561px) 100vw, 561px\" \/>        <\/div>\r\n    \t<div class=\"tb-teacher-content\">\r\n\t\t<div class=\"tb-teacher-content-inner\">\r\n\t\t\r\n\t\t\t\t\t<a href=\"https:\/\/pequenomundo.fi\/fi\/teacher\/jan-vives\/\"><h4 class=\"tb-title\">Jan Vives<\/h4><\/a>\r\n\t\t\t\t\r\n\t\t<p class=\"tb-position\">P\u00e4iv\u00e4kotiapulainen<\/p>\t\t\t\t\t<div class=\"tb-content\">\r\n\t\t\t\tLiikunnanohjaaja.\t\t\t<\/div>\r\n\t\t\t\t<hr>\t\t\t<\/div>\r\n\t<\/div>\r\n<\/article>\r\n<\/div><div class=\"col-xs-12 col-sm-12 col-md-12 col-lg-12 teacher_item \"><article id=\"post-5645\" class=\"post-5645 teacher type-teacher status-publish format-standard hentry\">\r\n\r\n    \t<div class=\"tb-teacher-content\">\r\n\t\t<div class=\"tb-teacher-content-inner\">\r\n\t\t\r\n\t\t\t\t\t<a href=\"https:\/\/pequenomundo.fi\/fi\/teacher\/maria-arias\/\"><h4 class=\"tb-title\">Mar\u00eda Arias<\/h4><\/a>\r\n\t\t\t\t\r\n\t\t<p class=\"tb-position\">Opettaja<\/p>\t\t\t\t\t<div class=\"tb-content\">\r\n\t\t\t\tVarhaiskasvatuksen opettaja.\t\t\t<\/div>\r\n\t\t\t\t<hr>\t\t\t<\/div>\r\n\t<\/div>\r\n<\/article>\r\n<\/div><div class=\"col-xs-12 col-sm-12 col-md-12 col-lg-12 teacher_item \"><article id=\"post-5648\" class=\"post-5648 teacher type-teacher status-publish format-standard hentry\">\r\n\r\n    \t<div class=\"tb-teacher-content\">\r\n\t\t<div class=\"tb-teacher-content-inner\">\r\n\t\t\r\n\t\t\t\t\t<a href=\"https:\/\/pequenomundo.fi\/fi\/teacher\/isolda-serena\/\"><h4 class=\"tb-title\">Isolda Serena<\/h4><\/a>\r\n\t\t\t\t\r\n\t\t<p class=\"tb-position\">Opettaja<\/p>\t\t\t\t\t<div class=\"tb-content\">\r\n\t\t\t\tVarhaiskasvatuksen opettaja.\t\t\t<\/div>\r\n\t\t\t\t<hr>\t\t\t<\/div>\r\n\t<\/div>\r\n<\/article>\r\n<\/div><div class=\"col-xs-12 col-sm-12 col-md-12 col-lg-12 teacher_item \"><article id=\"post-5653\" class=\"post-5653 teacher type-teacher status-publish format-standard hentry\">\r\n\r\n    \t<div class=\"tb-teacher-content\">\r\n\t\t<div class=\"tb-teacher-content-inner\">\r\n\t\t\r\n\t\t\t\t\t<a href=\"https:\/\/pequenomundo.fi\/fi\/teacher\/estefania-marques\/\"><h4 class=\"tb-title\">Estefan\u00eda Marqu\u00e9s<\/h4><\/a>\r\n\t\t\t\t\r\n\t\t<p class=\"tb-position\">Lastenhoitaja<\/p>\t\t\t\t\t<div class=\"tb-content\">\r\n\t\t\t\tVarhaiskasvatuksen opettaja.\t\t\t<\/div>\r\n\t\t\t\t<hr>\t\t\t<\/div>\r\n\t<\/div>\r\n<\/article>\r\n<\/div>\t<!--div style=\"clear: both;\"><\/div-->\r\n        \t\t    <\/div>\r\n        \r\n    [\/vc_column][\/vc_row]<\/p>\n","protected":false},"excerpt":{"rendered":"<p>[vc_row css=&#8221;.vc_custom_1464401089277{margin-top: 80px !important;margin-bottom: 45px !important;}&#8221;][vc_column][vc_column_text] Peque\u00f1o Mundossa turvallisuus ja lasten hyvinvointi on ensisijaisen t\u00e4rke\u00e4\u00e4. Henkil\u00f6kuntamme koostuu aktiivisista ja kokeneista varhaiskasvatuksen ammattilaisista, jotka tekev\u00e4t p\u00e4ivitt\u00e4in parhaansa. [\/vc_column_text][\/vc_column][\/vc_row]<\/p>\n","protected":false},"author":1,"featured_media":4636,"parent":0,"menu_order":0,"comment_status":"closed","ping_status":"closed","template":"","meta":[],"_links":{"self":[{"href":"https:\/\/pequenomundo.fi\/fi\/wp-json\/wp\/v2\/pages\/2785"}],"collection":[{"href":"https:\/\/pequenomundo.fi\/fi\/wp-json\/wp\/v2\/pages"}],"about":[{"href":"https:\/\/pequenomundo.fi\/fi\/wp-json\/wp\/v2\/types\/page"}],"author":[{"embeddable":true,"href":"https:\/\/pequenomundo.fi\/fi\/wp-json\/wp\/v2\/users\/1"}],"replies":[{"embeddable":true,"href":"https:\/\/pequenomundo.fi\/fi\/wp-json\/wp\/v2\/comments?post=2785"}],"version-history":[{"count":8,"href":"https:\/\/pequenomundo.fi\/fi\/wp-json\/wp\/v2\/pages\/2785\/revisions"}],"predecessor-version":[{"id":5394,"href":"https:\/\/pequenomundo.fi\/fi\/wp-json\/wp\/v2\/pages\/2785\/revisions\/5394"}],"wp:featuredmedia":[{"embeddable":true,"href":"https:\/\/pequenomundo.fi\/fi\/wp-json\/wp\/v2\/media\/4636"}],"wp:attachment":[{"href":"https:\/\/pequenomundo.fi\/fi\/wp-json\/wp\/v2\/media?parent=2785"}],"curies":[{"name":"wp","href":"https:\/\/api.w.org\/{rel}","templated":true}]}}