{"id":161,"date":"2015-10-09T16:00:35","date_gmt":"2015-10-09T16:00:35","guid":{"rendered":"http:\/\/jwsuperthemes.com\/noraure\/?page_id=161"},"modified":"2020-11-26T15:05:36","modified_gmt":"2020-11-26T15:05:36","slug":"homepage-02","status":"publish","type":"page","link":"https:\/\/pequenomundo.fi\/fi\/","title":{"rendered":"Homepage 02"},"content":{"rendered":"<p>[vc_row content_full_width=&#8221;1&#8243; el_class=&#8221;jws-rev-h1&#8243;][vc_column][rev_slider_vc alias=&#8221;homepage011&#8243;][\/vc_column][\/vc_row][vc_row css=&#8221;.vc_custom_1601906277167{padding-top: 10px !important;background-color: #7dad59 !important;background-position: center !important;background-repeat: no-repeat !important;background-size: cover !important;}&#8221; el_class=&#8221;jws_book_courses&#8221;][vc_column][vc_column_text][\/vc_column_text][\/vc_column][\/vc_row][vc_row css=&#8221;.vc_custom_1601541431927{padding-top: 62px !important;}&#8221;][vc_column]            <div class=\"jws-title-separator-wrap  \">\n                <h3 class=\"jws-title-separator  \" style=\"font-size: 46px\">\n                    <span>\n                    Maailmamme                    <\/span>\n                <\/h3>\n            <\/div>\n            [vc_row_inner][vc_column_inner width=&#8221;1\/4&#8243;][vc_single_image image=&#8221;5308&#8243; img_size=&#8221;600&#215;400&#8243;][\/vc_column_inner][vc_column_inner width=&#8221;1\/4&#8243;][vc_single_image image=&#8221;5451&#8243; img_size=&#8221;600&#215;400&#8243;][\/vc_column_inner][vc_column_inner width=&#8221;1\/4&#8243;][vc_single_image image=&#8221;5452&#8243; img_size=&#8221;600&#215;400&#8243;][\/vc_column_inner][vc_column_inner width=&#8221;1\/4&#8243;][vc_single_image image=&#8221;5307&#8243; img_size=&#8221;600&#215;400&#8243;][\/vc_column_inner][\/vc_row_inner][vc_column_text]Peque\u00f1o Mundo on espanjankielinen p\u00e4iv\u00e4koti 1,5\u20136 -vuotiaille lapsille. Nimens\u00e4 mukaisesti p\u00e4iv\u00e4kotimme heijastelee maailmaa, jossa el\u00e4mme. Tarjoammekin lapselle mahdollisuuden kasvaa ja kehitty\u00e4 tuntien itsens\u00e4 t\u00e4rke\u00e4ksi toimijaksi ymp\u00e4rist\u00f6ss\u00e4\u00e4n.<\/p>\n<p>Peque\u00f1o Mundon turvallisessa milj\u00f6\u00f6ss\u00e4 lapset voivat tutkia, ilmaista itse\u00e4\u00e4n ja ohjata omaa oppimistaan.<\/p>\n<p>Teht\u00e4v\u00e4mme on tarjota lapselle mahdollisuus kehitty\u00e4 onnellisena leikkim\u00e4ll\u00e4 oppien. T\u00e4m\u00e4 tapahtuu l\u00e4mpim\u00e4ss\u00e4 ja luottamuksellisessa ilmapiiriss\u00e4 lapsen rytmi\u00e4 kunnioittaen.[\/vc_column_text][vc_btn title=&#8221;Lue lis\u00e4\u00e4!&#8221; color=&#8221;orange&#8221; align=&#8221;center&#8221; link=&#8221;url:https%3A%2F%2Fpequenomundo.fi%2Ffi%2Fnuestro-mundo%2F|title:Maailmamme||&#8221;][\/vc_column][\/vc_row][vc_row css=&#8221;.vc_custom_1602578093279{padding-top: 80px !important;padding-bottom: 20px !important;background-image: url(http:\/\/pequenomundo.fi\/fi\/wp-content\/uploads\/sites\/2\/2020\/10\/nosotros-fondo.jpg?id=5446) !important;background-position: center !important;background-repeat: no-repeat !important;background-size: cover !important;}&#8221; el_class=&#8221;jws-activites-v2&#8243; el_id=&#8221;#nosotros&#8221;][vc_column]\t\t\t<div class=\"jws-title\">\n                <h1 class=\"    jws-title-underline jws-title-underline-1\" style=\"color: #ff7f46\">\n                    Me                <\/h1>\n\t\t\t\t<div class=\"icon-color icon-colorff7f46 \"><i class=\"fa fa-heartbeat\" style=\"color:#ff7f46\"><\/i><\/div>\n\t\t\t\t\t\t\t<\/div>\n\t\t\t<style>.icon-colorff7f46:before,.icon-colorff7f46:after{border-color:#ff7f46!important;}<\/style>[vc_row_inner][vc_column_inner]\t\t<div class=\"tb-service-wrap \">\r\n\t\t\r\n\t\t\t\t\t\t\t\t<div class=\"tb-service text-left tpl4\">\r\n\t\t\t\t\t\r\n\t\t\t\t\t\t\t\t\t\t\t\t<div class=\"tb-icon\">\r\n\t\t\t\t\t\t\t<i class=\"fa fa-star\"><\/i>\r\n\t\t\t\t\t\t<\/div>\r\n\t\t\t\t\t\t<div class=\"tb-tpl4-content\">\t\t\t\t\t\t<h3 class=\"tb-title\">\r\n\t\t\t\t\t\t<span class=\"tb-title\">Henkil\u00f6kuntamme<\/span>\t\t\t\t\t\t<\/h3>\r\n\t\t\t\t\t\t<div class=\"tb-content\"><p>Henkil\u00f6kuntamme koostuu ty\u00f6lleen omistautuneista varhaiskasvatuksen ammattilaisista. Ty\u00f6ntekij\u00e4mme toimivat uusimpien varhaiskasvatusmetodien mukaan ja toteuttavat ty\u00f6t\u00e4\u00e4n innolla.<\/p>\n<p>P\u00e4\u00e4teht\u00e4v\u00e4mme on huolehtia lapsista, opettaa ja olla tukena heid\u00e4n oppimisessaan. Tarjoamme jokaiselle lapselle yksil\u00f6llisen polun, jolla voi kehitty\u00e4 omalla parhaalla tavallaan. Olemme osa lapsen arkea ja jaamme oppimisen ilon heid\u00e4n kanssaan. Sen vuoksi olemme aktiivisesti l\u00e4sn\u00e4 ja otamme lasten yksil\u00f6lliset taipumukset huomioon.<\/p>\n<\/div><\/div>\t\t\t\t\t<\/div>\r\n\t\t\t\t\t<\/div>\r\n\t\t\r\n    \t\t<div class=\"tb-service-wrap \">\r\n\t\t\r\n\t\t\t\t\t\t\t\t<div class=\"tb-service text-left tpl4\">\r\n\t\t\t\t\t\r\n\t\t\t\t\t\t\t\t\t\t\t\t<div class=\"tb-icon\">\r\n\t\t\t\t\t\t\t<i class=\"fa fa-language\"><\/i>\r\n\t\t\t\t\t\t<\/div>\r\n\t\t\t\t\t\t<div class=\"tb-tpl4-content\">\t\t\t\t\t\t<h3 class=\"tb-title\">\r\n\t\t\t\t\t\t<span class=\"tb-title\">Espanjan kieli<\/span>\t\t\t\t\t\t<\/h3>\r\n\t\t\t\t\t\t<div class=\"tb-content\"><p>P\u00e4iv\u00e4kotimme on kohtaamispaikka kaikille, jotka ovat kiinnostuneita espanjan kielest\u00e4. Lapsi ei tarvitse aiempaa espanjan taitoa tullakseen Pieneen Maailmaamme.<\/p>\n<p>Peque\u00f1o Mundon arkikieli on espanja, joten lapset harjoittelevat ja oppivat espanjaa luonnollisissa tilanteissa.<\/p>\n<\/div><\/div>\t\t\t\t\t<\/div>\r\n\t\t\t\t\t<\/div>\r\n\t\t\r\n    \t\t<div class=\"tb-service-wrap \">\r\n\t\t\r\n\t\t\t\t\t\t\t\t<div class=\"tb-service text-left tpl4\">\r\n\t\t\t\t\t\r\n\t\t\t\t\t\t\t\t\t\t\t\t<div class=\"tb-icon\">\r\n\t\t\t\t\t\t\t<i class=\"fa fa-magic\"><\/i>\r\n\t\t\t\t\t\t<\/div>\r\n\t\t\t\t\t\t<div class=\"tb-tpl4-content\">\t\t\t\t\t\t<h3 class=\"tb-title\">\r\n\t\t\t\t\t\t<span class=\"tb-title\">Metodologia<\/span>\t\t\t\t\t\t<\/h3>\r\n\t\t\t\t\t\t<div class=\"tb-content\"><p>Peque\u00f1o Mundo on jaettu eri oppimisen osa-alueiden mukaan nurkkauksiin, joissa lapset oppivat leikkim\u00e4ll\u00e4.<\/p>\n<\/div><\/div>\t\t\t\t\t<\/div>\r\n\t\t\t\t\t<\/div>\r\n\t\t\r\n    \t\t<div class=\"tb-service-wrap \">\r\n\t\t\r\n\t\t\t\t\t\t\t\t<div class=\"tb-service text-left tpl4\">\r\n\t\t\t\t\t\r\n\t\t\t\t\t\t\t\t\t\t\t\t<div class=\"tb-icon\">\r\n\t\t\t\t\t\t\t<i class=\"fa fa-home\"><\/i>\r\n\t\t\t\t\t\t<\/div>\r\n\t\t\t\t\t\t<div class=\"tb-tpl4-content\">\t\t\t\t\t\t<h3 class=\"tb-title\">\r\n\t\t\t\t\t\t<span class=\"tb-title\">Perheemme<\/span>\t\t\t\t\t\t<\/h3>\r\n\t\t\t\t\t\t<div class=\"tb-content\"><p>Perheet ovat t\u00e4rke\u00e4ss\u00e4 roolissa Peque\u00f1o Mundossa. Pid\u00e4mme l\u00e4heiset ja luottamukselliset suhteet perheisiimme, jotta voimme tarjota lapsille parasta mahdollista huomiota sek\u00e4 luoda heille kodinomaisen tunnelman.<\/p>\n<\/div><\/div>\t\t\t\t\t<\/div>\r\n\t\t\t\t\t<\/div>\r\n\t\t\r\n    [\/vc_column_inner][\/vc_row_inner][\/vc_column][\/vc_row][vc_row css=&#8221;.vc_custom_1462329784868{margin-top: 72px !important;margin-bottom: 47px !important;}&#8221;][vc_column]\t\t\t<div class=\"jws-title\">\n                <h1 class=\"    jws-title-underline jws-title-underline-1\" style=\"color: #000000\">\n                    HENKIL\u00d6KUNTAMME                <\/h1>\n\t\t\t\t<div class=\"icon-color icon-colorffca00 \"><i class=\"fa fa-graduation-cap\" style=\"color:#ffca00\"><\/i><\/div>\n\t\t\t\t<div class=\"tb-content\"><p><span style=\"font-weight: 400;\">Olemme varhaiskasvatukselle omistautunut ryhm\u00e4 ja ty\u00f6skentelemme innolla sen kehitt\u00e4misen puolesta. Tutustu meihin!<\/span><\/p>\n<\/div>\t\t\t<\/div>\n\t\t\t<style>.icon-colorffca00:before,.icon-colorffca00:after{border-color:#ffca00!important;}<\/style>[vc_empty_space height=&#8221;42px&#8221;]    <div class=\"tb-blog teacher tb-teacher-carousel1  tpl2  \" style=\"\">\r\n\t\t<div class=\"teacher_item teacher_item_active\"><article id=\"post-2996\" class=\"post-2996 teacher type-teacher status-publish format-standard has-post-thumbnail hentry\">\r\n\r\n     <div class=\"tb-teacher-image-inner\">\t\t\r\n        <div class=\"tb-teacher-image\">\r\n            <img class=\"bt-image-cropped\" src=\"https:\/\/pequenomundo.fi\/fi\/wp-content\/uploads\/sites\/2\/2016\/05\/Web-Marina-Santiago-1.jpg\" alt=\"\">        <\/div>\r\n     <\/div>\t<div class=\"tb-teacher-content\">\r\n\t\t<div class=\"tb-teacher-content-inner\">\r\n\t\t\r\n\t\t\t\t\t<a href=\"https:\/\/pequenomundo.fi\/fi\/teacher\/marina\/\"><h4 class=\"tb-title\">Marina Santiago<\/h4><\/a>\r\n\t\t\t\t\r\n\t\t<p class=\"tb-position\">Johtaja, perustaja<\/p>\t\t\t\t\t<div class=\"tb-content\">\r\n\t\t\t\tVarhaiskasvatuksen ja perusopetuksen opettaja, erityisosa-alue vieraat kielet.\t\t\t<\/div>\r\n\t\t\t\t\t\t\t<\/div>\r\n\t<\/div>\r\n<\/article>\r\n<\/div><div class=\"teacher_item \"><article id=\"post-5265\" class=\"post-5265 teacher type-teacher status-publish format-standard has-post-thumbnail hentry\">\r\n\r\n     <div class=\"tb-teacher-image-inner\">\t\t\r\n        <div class=\"tb-teacher-image\">\r\n            <img class=\"bt-image-cropped\" src=\"https:\/\/pequenomundo.fi\/fi\/wp-content\/uploads\/sites\/2\/2016\/05\/Web-Ester-Alca\u0301zar-1.jpg\" alt=\"\">        <\/div>\r\n     <\/div>\t<div class=\"tb-teacher-content\">\r\n\t\t<div class=\"tb-teacher-content-inner\">\r\n\t\t\r\n\t\t\t\t\t<a href=\"https:\/\/pequenomundo.fi\/fi\/teacher\/ester-alcazar\/\"><h4 class=\"tb-title\">Ester Alc\u00e1zar<\/h4><\/a>\r\n\t\t\t\t\r\n\t\t<p class=\"tb-position\">Opettaja<\/p>\t\t\t\t\t<div class=\"tb-content\">\r\n\t\t\t\tLastentarhanopettaja.\t\t\t<\/div>\r\n\t\t\t\t\t\t\t<\/div>\r\n\t<\/div>\r\n<\/article>\r\n<\/div><div class=\"teacher_item \"><article id=\"post-5269\" class=\"post-5269 teacher type-teacher status-publish format-standard has-post-thumbnail hentry\">\r\n\r\n     <div class=\"tb-teacher-image-inner\">\t\t\r\n        <div class=\"tb-teacher-image\">\r\n            <img class=\"bt-image-cropped\" src=\"https:\/\/pequenomundo.fi\/fi\/wp-content\/uploads\/sites\/2\/2016\/05\/Web-Carmen-Rengifo-1.jpg\" alt=\"\">        <\/div>\r\n     <\/div>\t<div class=\"tb-teacher-content\">\r\n\t\t<div class=\"tb-teacher-content-inner\">\r\n\t\t\r\n\t\t\t\t\t<a href=\"https:\/\/pequenomundo.fi\/fi\/teacher\/carmen-rengifo\/\"><h4 class=\"tb-title\">Carmen Rengifo<\/h4><\/a>\r\n\t\t\t\t\r\n\t\t<p class=\"tb-position\">Lastenhoitaja<\/p>\t\t\t\t\t<div class=\"tb-content\">\r\n\t\t\t\tJohtaja (\u00e4itiysloman sijainen). Lastenhoitaja.\t\t\t<\/div>\r\n\t\t\t\t\t\t\t<\/div>\r\n\t<\/div>\r\n<\/article>\r\n<\/div><div class=\"teacher_item \"><article id=\"post-5271\" class=\"post-5271 teacher type-teacher status-publish format-standard has-post-thumbnail hentry\">\r\n\r\n     <div class=\"tb-teacher-image-inner\">\t\t\r\n        <div class=\"tb-teacher-image\">\r\n            <img class=\"bt-image-cropped\" src=\"https:\/\/pequenomundo.fi\/fi\/wp-content\/uploads\/sites\/2\/2016\/05\/Web-Jan-Vives-1.jpg\" alt=\"\">        <\/div>\r\n     <\/div>\t<div class=\"tb-teacher-content\">\r\n\t\t<div class=\"tb-teacher-content-inner\">\r\n\t\t\r\n\t\t\t\t\t<a href=\"https:\/\/pequenomundo.fi\/fi\/teacher\/jan-vives\/\"><h4 class=\"tb-title\">Jan Vives<\/h4><\/a>\r\n\t\t\t\t\r\n\t\t<p class=\"tb-position\">P\u00e4iv\u00e4kotiapulainen<\/p>\t\t\t\t\t<div class=\"tb-content\">\r\n\t\t\t\tLiikunnanohjaaja.\t\t\t<\/div>\r\n\t\t\t\t\t\t\t<\/div>\r\n\t<\/div>\r\n<\/article>\r\n<\/div>\t<!--div style=\"clear: both;\"><\/div-->\r\n        \t\t    <\/div>\r\n        \r\n    [vc_btn title=&#8221;Lue lis\u00e4\u00e4!&#8221; color=&#8221;orange&#8221; align=&#8221;center&#8221; link=&#8221;url:https%3A%2F%2Fpequenomundo.fi%2Ffi%2Fnuestro-equipo%2F|title:Henkil%C3%B6kuntamme||&#8221;][\/vc_column][\/vc_row][vc_row content_full_width=&#8221;1&#8243; css=&#8221;.vc_custom_1603040207464{padding-top: 80px !important;padding-bottom: 60px !important;background-image: url(http:\/\/pequenomundo.fi\/fi\/wp-content\/uploads\/sites\/2\/2020\/10\/bg-video-v2VERDE33.jpg?id=5472) !important;background-position: center !important;background-repeat: no-repeat !important;background-size: cover !important;}&#8221;][vc_column][vc_cta h2=&#8221;Her\u00e4sik\u00f6 ajatuksia?&#8221; txt_align=&#8221;center&#8221; color=&#8221;white&#8221; el_width=&#8221;sm&#8221; add_button=&#8221;bottom&#8221; btn_title=&#8221;Ota yhteytt\u00e4!&#8221; btn_color=&#8221;warning&#8221; btn_size=&#8221;lg&#8221; btn_align=&#8221;center&#8221; css=&#8221;.vc_custom_1602321638889{background-color: rgba(0,0,0,0.01) !important;*background-color: rgb(0,0,0) !important;}&#8221; btn_link=&#8221;url:https%3A%2F%2Fpequenomundo.fi%2Ffi%2Fcontactar%2F|title:Contactar||&#8221;]<\/p>\n<p style=\"text-align: center; font-size: 26px !important; color: white;\">L\u00e4het\u00e4 meille viesti! Vastaamme mielell\u00e4mme kysymyksiisi.<\/p>\n<p>[\/vc_cta][\/vc_column][\/vc_row]<\/p>\n","protected":false},"excerpt":{"rendered":"<p>[vc_row content_full_width=&#8221;1&#8243; el_class=&#8221;jws-rev-h1&#8243;][vc_column][rev_slider_vc alias=&#8221;homepage011&#8243;][\/vc_column][\/vc_row][vc_row css=&#8221;.vc_custom_1601906277167{padding-top: 10px !important;background-color: #7dad59 !important;background-position: center !important;background-repeat: no-repeat !important;background-size: cover !important;}&#8221; el_class=&#8221;jws_book_courses&#8221;][vc_column][vc_column_text][\/vc_column_text][\/vc_column][\/vc_row][vc_row css=&#8221;.vc_custom_1601541431927{padding-top: 62px !important;}&#8221;][vc_column][vc_row_inner][vc_column_inner width=&#8221;1\/4&#8243;][vc_single_image image=&#8221;5308&#8243; img_size=&#8221;600&#215;400&#8243;][\/vc_column_inner][vc_column_inner width=&#8221;1\/4&#8243;][vc_single_image image=&#8221;5451&#8243; img_size=&#8221;600&#215;400&#8243;][\/vc_column_inner][vc_column_inner width=&#8221;1\/4&#8243;][vc_single_image image=&#8221;5452&#8243; img_size=&#8221;600&#215;400&#8243;][\/vc_column_inner][vc_column_inner width=&#8221;1\/4&#8243;][vc_single_image image=&#8221;5307&#8243; img_size=&#8221;600&#215;400&#8243;][\/vc_column_inner][\/vc_row_inner][vc_column_text]Peque\u00f1o Mundo on espanjankielinen p\u00e4iv\u00e4koti 1,5\u20136 -vuotiaille lapsille. Nimens\u00e4 mukaisesti p\u00e4iv\u00e4kotimme heijastelee maailmaa, jossa el\u00e4mme. Tarjoammekin lapselle mahdollisuuden kasvaa ja kehitty\u00e4 tuntien itsens\u00e4 t\u00e4rke\u00e4ksi toimijaksi [&hellip;]<\/p>\n","protected":false},"author":1,"featured_media":5505,"parent":0,"menu_order":0,"comment_status":"closed","ping_status":"closed","template":"","meta":[],"_links":{"self":[{"href":"https:\/\/pequenomundo.fi\/fi\/wp-json\/wp\/v2\/pages\/161"}],"collection":[{"href":"https:\/\/pequenomundo.fi\/fi\/wp-json\/wp\/v2\/pages"}],"about":[{"href":"https:\/\/pequenomundo.fi\/fi\/wp-json\/wp\/v2\/types\/page"}],"author":[{"embeddable":true,"href":"https:\/\/pequenomundo.fi\/fi\/wp-json\/wp\/v2\/users\/1"}],"replies":[{"embeddable":true,"href":"https:\/\/pequenomundo.fi\/fi\/wp-json\/wp\/v2\/comments?post=161"}],"version-history":[{"count":40,"href":"https:\/\/pequenomundo.fi\/fi\/wp-json\/wp\/v2\/pages\/161\/revisions"}],"predecessor-version":[{"id":5473,"href":"https:\/\/pequenomundo.fi\/fi\/wp-json\/wp\/v2\/pages\/161\/revisions\/5473"}],"wp:featuredmedia":[{"embeddable":true,"href":"https:\/\/pequenomundo.fi\/fi\/wp-json\/wp\/v2\/media\/5505"}],"wp:attachment":[{"href":"https:\/\/pequenomundo.fi\/fi\/wp-json\/wp\/v2\/media?parent=161"}],"curies":[{"name":"wp","href":"https:\/\/api.w.org\/{rel}","templated":true}]}}